{"id":2,"date":"2026-05-04T08:59:59","date_gmt":"2026-05-04T08:59:59","guid":{"rendered":"https:\/\/jumagazaeraikinak.rkinformatika.online\/?page_id=2"},"modified":"2026-05-04T13:51:54","modified_gmt":"2026-05-04T13:51:54","slug":"inicio","status":"publish","type":"page","link":"https:\/\/jumagazaeraikinak.es\/eu\/","title":{"rendered":"Hasiera"},"content":{"rendered":"<div data-elementor-type=\"wp-page\" data-elementor-id=\"2\" class=\"elementor elementor-2\" data-elementor-post-type=\"page\">\n\t\t\t\t<div class=\"elementor-element elementor-element-8225cf8 e-con-full e-flex e-con e-parent\" data-id=\"8225cf8\" data-element_type=\"container\" data-e-type=\"container\" data-settings=\"{&quot;background_background&quot;:&quot;classic&quot;}\">\n\t\t<div class=\"elementor-element elementor-element-8f18e5e e-flex e-con-boxed e-con e-child\" data-id=\"8f18e5e\" data-element_type=\"container\" data-e-type=\"container\">\n\t\t\t\t\t<div class=\"e-con-inner\">\n\t\t\t\t<div class=\"elementor-element elementor-element-6f0270c elementor-widget__width-inherit elementor-invisible elementor-widget elementor-widget-heading\" data-id=\"6f0270c\" data-element_type=\"widget\" data-e-type=\"widget\" data-settings=\"{&quot;_animation&quot;:&quot;fadeInDown&quot;}\" data-widget_type=\"heading.default\">\n\t\t\t\t\t<h2 class=\"elementor-heading-title elementor-size-default\">Igeltserotza eta era guztietako erreformak!<\/h2>\t\t\t\t<\/div>\n\t\t\t\t\t<\/div>\n\t\t\t\t<\/div>\n\t\t\t\t<\/div>\n\t\t<div class=\"elementor-element elementor-element-251648e e-flex e-con-boxed e-con e-parent\" data-id=\"251648e\" data-element_type=\"container\" data-e-type=\"container\">\n\t\t\t\t\t<div class=\"e-con-inner\">\n\t\t<div class=\"elementor-element elementor-element-50e47ae e-con-full e-flex e-con e-child\" data-id=\"50e47ae\" data-element_type=\"container\" data-e-type=\"container\">\n\t\t\t\t<div class=\"elementor-element elementor-element-d2c45b4 elementor-widget__width-initial elementor-invisible elementor-widget elementor-widget-heading\" data-id=\"d2c45b4\" data-element_type=\"widget\" data-e-type=\"widget\" data-settings=\"{&quot;_animation&quot;:&quot;fadeInDown&quot;}\" data-widget_type=\"heading.default\">\n\t\t\t\t\t<h2 class=\"elementor-heading-title elementor-size-default\">Guri buruz<\/h2>\t\t\t\t<\/div>\n\t\t\t\t<div class=\"elementor-element elementor-element-bed0687 elementor-widget elementor-widget-heading\" data-id=\"bed0687\" data-element_type=\"widget\" data-e-type=\"widget\" data-widget_type=\"heading.default\">\n\t\t\t\t\t<h2 class=\"elementor-heading-title elementor-size-default\">Obra bakoitzean nabaritzen den esperientzia.<\/h2>\t\t\t\t<\/div>\n\t\t\t\t<div class=\"elementor-element elementor-element-8dc7d7c elementor-widget-divider--view-line_icon elementor-widget-mobile__width-initial elementor-view-default elementor-widget-divider--element-align-center elementor-widget elementor-widget-divider\" data-id=\"8dc7d7c\" data-element_type=\"widget\" data-e-type=\"widget\" data-widget_type=\"divider.default\">\n\t\t\t\t\t\t\t<div class=\"elementor-divider\">\n\t\t\t<span class=\"elementor-divider-separator\">\n\t\t\t\t\t\t\t<div class=\"elementor-icon elementor-divider__element\">\n\t\t\t\t\t<svg aria-hidden=\"true\" class=\"e-font-icon-svg e-fas-tools\" viewbox=\"0 0 512 512\" xmlns=\"http:\/\/www.w3.org\/2000\/svg\"><path d=\"M501.1 395.7L384 278.6c-23.1-23.1-57.6-27.6-85.4-13.9L192 158.1V96L64 0 0 64l96 128h62.1l106.6 106.6c-13.6 27.8-9.2 62.3 13.9 85.4l117.1 117.1c14.6 14.6 38.2 14.6 52.7 0l52.7-52.7c14.5-14.6 14.5-38.2 0-52.7zM331.7 225c28.3 0 54.9 11 74.9 31l19.4 19.4c15.8-6.9 30.8-16.5 43.8-29.5 37.1-37.1 49.7-89.3 37.9-136.7-2.2-9-13.5-12.1-20.1-5.5l-74.4 74.4-67.9-11.3L334 98.9l74.4-74.4c6.6-6.6 3.4-17.9-5.7-20.2-47.4-11.7-99.6.9-136.6 37.9-28.5 28.5-41.9 66.1-41.2 103.6l82.1 82.1c8.1-1.9 16.5-2.9 24.7-2.9zm-103.9 82l-56.7-56.7L18.7 402.8c-25 25-25 65.5 0 90.5s65.5 25 90.5 0l123.6-123.6c-7.6-19.9-9.9-41.6-5-62.7zM64 472c-13.2 0-24-10.8-24-24 0-13.3 10.7-24 24-24s24 10.7 24 24c0 13.2-10.7 24-24 24z\"><\/path><\/svg><\/div>\n\t\t\t\t\t\t<\/span>\n\t\t<\/div>\n\t\t\t\t\t\t<\/div>\n\t\t\t\t<div class=\"elementor-element elementor-element-0869027 elementor-widget elementor-widget-text-editor\" data-id=\"0869027\" data-element_type=\"widget\" data-e-type=\"widget\" data-widget_type=\"text-editor.default\">\n\t\t\t\t\t\t\t\t\t<p>2018az geroztik, autonomo gisa aritu naiz lanean eraikuntzaren sektorean, baina 2020tik aurrera urrats garrantzitsu bat ematea eta Sozietate Mugatu (SL) bat eratzea erabaki nuen, nire eragiketak formalizatu eta hedatzeko.<\/p>\t\t\t\t\t\t\t\t<\/div>\n\t\t\t\t<\/div>\n\t\t<div class=\"elementor-element elementor-element-4965999 e-con-full e-flex e-con e-child\" data-id=\"4965999\" data-element_type=\"container\" data-e-type=\"container\">\n\t\t\t\t<div class=\"elementor-element elementor-element-46117c0 elementor-widget elementor-widget-image\" data-id=\"46117c0\" data-element_type=\"widget\" data-e-type=\"widget\" data-widget_type=\"image.default\">\n\t\t\t\t\t\t\t\t\t\t\t\t\t\t\t<img fetchpriority=\"high\" decoding=\"async\" width=\"1000\" height=\"667\" src=\"https:\/\/jumagazaeraikinak.es\/wp-content\/uploads\/2026\/05\/55834.jpg\" class=\"attachment-full size-full wp-image-194\" alt=\"\" srcset=\"https:\/\/jumagazaeraikinak.es\/wp-content\/uploads\/2026\/05\/55834.jpg 1000w, https:\/\/jumagazaeraikinak.es\/wp-content\/uploads\/2026\/05\/55834-300x200.jpg 300w, https:\/\/jumagazaeraikinak.es\/wp-content\/uploads\/2026\/05\/55834-768x512.jpg 768w, https:\/\/jumagazaeraikinak.es\/wp-content\/uploads\/2026\/05\/55834-18x12.jpg 18w\" sizes=\"(max-width: 1000px) 100vw, 1000px\" \/>\t\t\t\t\t\t\t\t\t\t\t\t\t\t\t<\/div>\n\t\t\t\t<\/div>\n\t\t\t\t\t<\/div>\n\t\t\t\t<\/div>\n\t\t<div class=\"elementor-element elementor-element-7e770f7 e-flex e-con-boxed e-con e-parent\" data-id=\"7e770f7\" data-element_type=\"container\" data-e-type=\"container\" data-settings=\"{&quot;background_background&quot;:&quot;classic&quot;}\">\n\t\t\t\t\t<div class=\"e-con-inner\">\n\t\t<div class=\"elementor-element elementor-element-ac1d701 e-con-full e-flex e-con e-child\" data-id=\"ac1d701\" data-element_type=\"container\" data-e-type=\"container\">\n\t\t\t\t<div class=\"elementor-element elementor-element-f252484 elementor-cta--skin-cover elementor-animated-content elementor-bg-transform elementor-bg-transform-zoom-in elementor-widget elementor-widget-call-to-action\" data-id=\"f252484\" data-element_type=\"widget\" data-e-type=\"widget\" data-widget_type=\"call-to-action.default\">\n\t\t\t\t\t\t\t<div class=\"elementor-cta\">\n\t\t\t\t\t<div class=\"elementor-cta__bg-wrapper\">\n\t\t\t\t<div class=\"elementor-cta__bg elementor-bg\" style=\"background-image: url(https:\/\/jumagazaeraikinak.es\/wp-content\/uploads\/2026\/05\/27967.jpg);\" role=\"img\" aria-label=\"27967\"><\/div>\n\t\t\t\t<div class=\"elementor-cta__bg-overlay\"><\/div>\n\t\t\t<\/div>\n\t\t\t\t\t\t\t<div class=\"elementor-cta__content\">\n\t\t\t\t\n\t\t\t\t\t\t\t\t\t<h2 class=\"elementor-cta__title elementor-cta__content-item elementor-content-item elementor-animated-item--grow\">\n\t\t\t\t\t\tZure etxea eraberritu dugu gurea balitz bezala, xehetasun guztiak zainduz!\t\t\t\t\t<\/h2>\n\t\t\t\t\n\t\t\t\t\n\t\t\t\t\t\t\t\t\t<div class=\"elementor-cta__button-wrapper elementor-cta__content-item elementor-content-item elementor-animated-item--grow\">\n\t\t\t\t\t<a class=\"elementor-cta__button elementor-button elementor-size-\" href=\"\/eu\/servicios\/\">\n\t\t\t\t\t\tZerbitzuak\t\t\t\t\t<\/a>\n\t\t\t\t\t<\/div>\n\t\t\t\t\t\t\t<\/div>\n\t\t\t\t\t\t<\/div>\n\t\t\t\t\t\t<\/div>\n\t\t\t\t<\/div>\n\t\t\t\t\t<\/div>\n\t\t\t\t<\/div>\n\t\t<div class=\"elementor-element elementor-element-7396a5c e-flex e-con-boxed e-con e-parent\" data-id=\"7396a5c\" data-element_type=\"container\" data-e-type=\"container\">\n\t\t\t\t\t<div class=\"e-con-inner\">\n\t\t<div class=\"elementor-element elementor-element-18f01dc e-con-full e-flex e-con e-child\" data-id=\"18f01dc\" data-element_type=\"container\" data-e-type=\"container\">\n\t\t\t\t<div class=\"elementor-element elementor-element-80a022c elementor-widget elementor-widget-image\" data-id=\"80a022c\" data-element_type=\"widget\" data-e-type=\"widget\" data-widget_type=\"image.default\">\n\t\t\t\t\t\t\t\t\t\t\t\t\t\t\t<img decoding=\"async\" width=\"1000\" height=\"667\" src=\"https:\/\/jumagazaeraikinak.es\/wp-content\/uploads\/2026\/05\/13620.jpg\" class=\"attachment-full size-full wp-image-196\" alt=\"\" srcset=\"https:\/\/jumagazaeraikinak.es\/wp-content\/uploads\/2026\/05\/13620.jpg 1000w, https:\/\/jumagazaeraikinak.es\/wp-content\/uploads\/2026\/05\/13620-300x200.jpg 300w, https:\/\/jumagazaeraikinak.es\/wp-content\/uploads\/2026\/05\/13620-768x512.jpg 768w, https:\/\/jumagazaeraikinak.es\/wp-content\/uploads\/2026\/05\/13620-18x12.jpg 18w\" sizes=\"(max-width: 1000px) 100vw, 1000px\" \/>\t\t\t\t\t\t\t\t\t\t\t\t\t\t\t<\/div>\n\t\t\t\t<\/div>\n\t\t<div class=\"elementor-element elementor-element-e50f944 e-con-full e-flex e-con e-child\" data-id=\"e50f944\" data-element_type=\"container\" data-e-type=\"container\">\n\t\t\t\t<div class=\"elementor-element elementor-element-86f6042 elementor-widget__width-initial elementor-invisible elementor-widget elementor-widget-heading\" data-id=\"86f6042\" data-element_type=\"widget\" data-e-type=\"widget\" data-settings=\"{&quot;_animation&quot;:&quot;fadeInDown&quot;}\" data-widget_type=\"heading.default\">\n\t\t\t\t\t<h2 class=\"elementor-heading-title elementor-size-default\">Zure konfiantzazko igeltseroa!<\/h2>\t\t\t\t<\/div>\n\t\t\t\t<div class=\"elementor-element elementor-element-b584b5a elementor-widget elementor-widget-heading\" data-id=\"b584b5a\" data-element_type=\"widget\" data-e-type=\"widget\" data-widget_type=\"heading.default\">\n\t\t\t\t\t<h2 class=\"elementor-heading-title elementor-size-default\">Zure konfiantza gure proiekturik handiena da egiten dugun lan bakoitzean.<\/h2>\t\t\t\t<\/div>\n\t\t\t\t<div class=\"elementor-element elementor-element-00cd526 elementor-widget-divider--view-line_icon elementor-widget-mobile__width-initial elementor-view-default elementor-widget-divider--element-align-center elementor-widget elementor-widget-divider\" data-id=\"00cd526\" data-element_type=\"widget\" data-e-type=\"widget\" data-widget_type=\"divider.default\">\n\t\t\t\t\t\t\t<div class=\"elementor-divider\">\n\t\t\t<span class=\"elementor-divider-separator\">\n\t\t\t\t\t\t\t<div class=\"elementor-icon elementor-divider__element\">\n\t\t\t\t\t<svg aria-hidden=\"true\" class=\"e-font-icon-svg e-fas-tools\" viewbox=\"0 0 512 512\" xmlns=\"http:\/\/www.w3.org\/2000\/svg\"><path d=\"M501.1 395.7L384 278.6c-23.1-23.1-57.6-27.6-85.4-13.9L192 158.1V96L64 0 0 64l96 128h62.1l106.6 106.6c-13.6 27.8-9.2 62.3 13.9 85.4l117.1 117.1c14.6 14.6 38.2 14.6 52.7 0l52.7-52.7c14.5-14.6 14.5-38.2 0-52.7zM331.7 225c28.3 0 54.9 11 74.9 31l19.4 19.4c15.8-6.9 30.8-16.5 43.8-29.5 37.1-37.1 49.7-89.3 37.9-136.7-2.2-9-13.5-12.1-20.1-5.5l-74.4 74.4-67.9-11.3L334 98.9l74.4-74.4c6.6-6.6 3.4-17.9-5.7-20.2-47.4-11.7-99.6.9-136.6 37.9-28.5 28.5-41.9 66.1-41.2 103.6l82.1 82.1c8.1-1.9 16.5-2.9 24.7-2.9zm-103.9 82l-56.7-56.7L18.7 402.8c-25 25-25 65.5 0 90.5s65.5 25 90.5 0l123.6-123.6c-7.6-19.9-9.9-41.6-5-62.7zM64 472c-13.2 0-24-10.8-24-24 0-13.3 10.7-24 24-24s24 10.7 24 24c0 13.2-10.7 24-24 24z\"><\/path><\/svg><\/div>\n\t\t\t\t\t\t<\/span>\n\t\t<\/div>\n\t\t\t\t\t\t<\/div>\n\t\t\t\t<div class=\"elementor-element elementor-element-f94fa29 elementor-widget elementor-widget-text-editor\" data-id=\"f94fa29\" data-element_type=\"widget\" data-e-type=\"widget\" data-widget_type=\"text-editor.default\">\n\t\t\t\t\t\t\t\t\t<p>Gaur egun, gaitasun handiko 15 langileko lantaldea dugu, eta zerbitzu sorta zabala eskaintzen dute, igeltserotza eta era guztietako erreformak barne, bezero bakoitzaren behar espezifikoetara egokituta eta gure obra guztietan kalitate handiena ziurtatuta.<\/p>\t\t\t\t\t\t\t\t<\/div>\n\t\t\t\t<\/div>\n\t\t\t\t\t<\/div>\n\t\t\t\t<\/div>\n\t\t\t\t<\/div>","protected":false},"excerpt":{"rendered":"<p>\u00a1Alba\u00f1iler\u00eda y Reformas de todo tipo! Sobre nosotros Experiencia que se nota en cada obra. Desde el a\u00f1o 2018, he estado trabajando como aut\u00f3nomo en el sector de la construcci\u00f3n, pero a partir del a\u00f1o 2020 decid\u00ed dar un paso importante y constituir una Sociedad Limitada (SL) para formalizar y expandir mis operaciones. \u00a1Reformamos tu [&hellip;]<\/p>\n","protected":false},"author":1,"featured_media":0,"parent":0,"menu_order":0,"comment_status":"closed","ping_status":"closed","template":"elementor_canvas","meta":{"footnotes":""},"class_list":["post-2","page","type-page","status-publish","hentry"],"yoast_head":"<!-- This site is optimized with the Yoast SEO plugin v27.5 - https:\/\/yoast.com\/product\/yoast-seo-wordpress\/ -->\n<title>Inicio - Jumagaza Eraikinak<\/title>\n<meta name=\"robots\" content=\"index, follow, max-snippet:-1, max-image-preview:large, max-video-preview:-1\" \/>\n<link rel=\"canonical\" href=\"https:\/\/jumagazaeraikinak.es\/eu\/\" \/>\n<meta property=\"og:locale\" content=\"en_US\" \/>\n<meta property=\"og:type\" content=\"article\" \/>\n<meta property=\"og:title\" content=\"Inicio - Jumagaza Eraikinak\" \/>\n<meta property=\"og:description\" content=\"\u00a1Alba\u00f1iler\u00eda y Reformas de todo tipo! Sobre nosotros Experiencia que se nota en cada obra. Desde el a\u00f1o 2018, he estado trabajando como aut\u00f3nomo en el sector de la construcci\u00f3n, pero a partir del a\u00f1o 2020 decid\u00ed dar un paso importante y constituir una Sociedad Limitada (SL) para formalizar y expandir mis operaciones. \u00a1Reformamos tu [&hellip;]\" \/>\n<meta property=\"og:url\" content=\"https:\/\/jumagazaeraikinak.es\/eu\/\" \/>\n<meta property=\"og:site_name\" content=\"Jumagaza Eraikinak\" \/>\n<meta property=\"article:modified_time\" content=\"2026-05-04T13:51:54+00:00\" \/>\n<meta property=\"og:image\" content=\"https:\/\/jumagazaeraikinak.es\/wp-content\/uploads\/2026\/05\/55834.jpg\" \/>\n<meta name=\"twitter:card\" content=\"summary_large_image\" \/>\n<meta name=\"twitter:label1\" content=\"Est. reading time\" \/>\n\t<meta name=\"twitter:data1\" content=\"1 minutua\" \/>\n<script type=\"application\/ld+json\" class=\"yoast-schema-graph\">{\"@context\":\"https:\\\/\\\/schema.org\",\"@graph\":[{\"@type\":\"WebPage\",\"@id\":\"https:\\\/\\\/jumagazaeraikinak.es\\\/\",\"url\":\"https:\\\/\\\/jumagazaeraikinak.es\\\/\",\"name\":\"Inicio - Jumagaza Eraikinak\",\"isPartOf\":{\"@id\":\"https:\\\/\\\/jumagazaeraikinak.es\\\/#website\"},\"primaryImageOfPage\":{\"@id\":\"https:\\\/\\\/jumagazaeraikinak.es\\\/#primaryimage\"},\"image\":{\"@id\":\"https:\\\/\\\/jumagazaeraikinak.es\\\/#primaryimage\"},\"thumbnailUrl\":\"https:\\\/\\\/jumagazaeraikinak.es\\\/wp-content\\\/uploads\\\/2026\\\/05\\\/55834.jpg\",\"datePublished\":\"2026-05-04T08:59:59+00:00\",\"dateModified\":\"2026-05-04T13:51:54+00:00\",\"breadcrumb\":{\"@id\":\"https:\\\/\\\/jumagazaeraikinak.es\\\/#breadcrumb\"},\"inLanguage\":\"eu\",\"potentialAction\":[{\"@type\":\"ReadAction\",\"target\":[\"https:\\\/\\\/jumagazaeraikinak.es\\\/\"]}]},{\"@type\":\"ImageObject\",\"inLanguage\":\"eu\",\"@id\":\"https:\\\/\\\/jumagazaeraikinak.es\\\/#primaryimage\",\"url\":\"https:\\\/\\\/jumagazaeraikinak.es\\\/wp-content\\\/uploads\\\/2026\\\/05\\\/55834.jpg\",\"contentUrl\":\"https:\\\/\\\/jumagazaeraikinak.es\\\/wp-content\\\/uploads\\\/2026\\\/05\\\/55834.jpg\"},{\"@type\":\"BreadcrumbList\",\"@id\":\"https:\\\/\\\/jumagazaeraikinak.es\\\/#breadcrumb\",\"itemListElement\":[{\"@type\":\"ListItem\",\"position\":1,\"name\":\"Portada\",\"item\":\"https:\\\/\\\/jumagazaeraikinak.es\\\/\"},{\"@type\":\"ListItem\",\"position\":2,\"name\":\"Inicio\"}]},{\"@type\":\"WebSite\",\"@id\":\"https:\\\/\\\/jumagazaeraikinak.es\\\/#website\",\"url\":\"https:\\\/\\\/jumagazaeraikinak.es\\\/\",\"name\":\"Jumagaza Eraikinak\",\"description\":\"Jumagaza Eraikinak\",\"publisher\":{\"@id\":\"https:\\\/\\\/jumagazaeraikinak.es\\\/#organization\"},\"potentialAction\":[{\"@type\":\"SearchAction\",\"target\":{\"@type\":\"EntryPoint\",\"urlTemplate\":\"https:\\\/\\\/jumagazaeraikinak.es\\\/?s={search_term_string}\"},\"query-input\":{\"@type\":\"PropertyValueSpecification\",\"valueRequired\":true,\"valueName\":\"search_term_string\"}}],\"inLanguage\":\"eu\"},{\"@type\":\"Organization\",\"@id\":\"https:\\\/\\\/jumagazaeraikinak.es\\\/#organization\",\"name\":\"Jumagaza Eraikinak\",\"url\":\"https:\\\/\\\/jumagazaeraikinak.es\\\/\",\"logo\":{\"@type\":\"ImageObject\",\"inLanguage\":\"eu\",\"@id\":\"https:\\\/\\\/jumagazaeraikinak.es\\\/#\\\/schema\\\/logo\\\/image\\\/\",\"url\":\"https:\\\/\\\/jumagazaeraikinak.es\\\/wp-content\\\/uploads\\\/2026\\\/05\\\/cropped-leo-600-x-400-px.png\",\"contentUrl\":\"https:\\\/\\\/jumagazaeraikinak.es\\\/wp-content\\\/uploads\\\/2026\\\/05\\\/cropped-leo-600-x-400-px.png\",\"width\":600,\"height\":345,\"caption\":\"Jumagaza Eraikinak\"},\"image\":{\"@id\":\"https:\\\/\\\/jumagazaeraikinak.es\\\/#\\\/schema\\\/logo\\\/image\\\/\"}}]}<\/script>\n<!-- \/ Yoast SEO plugin. -->","yoast_head_json":{"title":"Inicio - Jumagaza Eraikinak","robots":{"index":"index","follow":"follow","max-snippet":"max-snippet:-1","max-image-preview":"max-image-preview:large","max-video-preview":"max-video-preview:-1"},"canonical":"https:\/\/jumagazaeraikinak.es\/eu\/","og_locale":"en_US","og_type":"article","og_title":"Inicio - Jumagaza Eraikinak","og_description":"\u00a1Alba\u00f1iler\u00eda y Reformas de todo tipo! Sobre nosotros Experiencia que se nota en cada obra. Desde el a\u00f1o 2018, he estado trabajando como aut\u00f3nomo en el sector de la construcci\u00f3n, pero a partir del a\u00f1o 2020 decid\u00ed dar un paso importante y constituir una Sociedad Limitada (SL) para formalizar y expandir mis operaciones. \u00a1Reformamos tu [&hellip;]","og_url":"https:\/\/jumagazaeraikinak.es\/eu\/","og_site_name":"Jumagaza Eraikinak","article_modified_time":"2026-05-04T13:51:54+00:00","og_image":[{"url":"https:\/\/jumagazaeraikinak.es\/wp-content\/uploads\/2026\/05\/55834.jpg","type":"","width":"","height":""}],"twitter_card":"summary_large_image","twitter_misc":{"Est. reading time":"1 minutua"},"schema":{"@context":"https:\/\/schema.org","@graph":[{"@type":"WebPage","@id":"https:\/\/jumagazaeraikinak.es\/","url":"https:\/\/jumagazaeraikinak.es\/","name":"Inicio - Jumagaza Eraikinak","isPartOf":{"@id":"https:\/\/jumagazaeraikinak.es\/#website"},"primaryImageOfPage":{"@id":"https:\/\/jumagazaeraikinak.es\/#primaryimage"},"image":{"@id":"https:\/\/jumagazaeraikinak.es\/#primaryimage"},"thumbnailUrl":"https:\/\/jumagazaeraikinak.es\/wp-content\/uploads\/2026\/05\/55834.jpg","datePublished":"2026-05-04T08:59:59+00:00","dateModified":"2026-05-04T13:51:54+00:00","breadcrumb":{"@id":"https:\/\/jumagazaeraikinak.es\/#breadcrumb"},"inLanguage":"eu","potentialAction":[{"@type":"ReadAction","target":["https:\/\/jumagazaeraikinak.es\/"]}]},{"@type":"ImageObject","inLanguage":"eu","@id":"https:\/\/jumagazaeraikinak.es\/#primaryimage","url":"https:\/\/jumagazaeraikinak.es\/wp-content\/uploads\/2026\/05\/55834.jpg","contentUrl":"https:\/\/jumagazaeraikinak.es\/wp-content\/uploads\/2026\/05\/55834.jpg"},{"@type":"BreadcrumbList","@id":"https:\/\/jumagazaeraikinak.es\/#breadcrumb","itemListElement":[{"@type":"ListItem","position":1,"name":"Portada","item":"https:\/\/jumagazaeraikinak.es\/"},{"@type":"ListItem","position":2,"name":"Inicio"}]},{"@type":"WebSite","@id":"https:\/\/jumagazaeraikinak.es\/#website","url":"https:\/\/jumagazaeraikinak.es\/","name":"Jumagaza Eraikinak","description":"Jumagaza Eraikinak","publisher":{"@id":"https:\/\/jumagazaeraikinak.es\/#organization"},"potentialAction":[{"@type":"SearchAction","target":{"@type":"EntryPoint","urlTemplate":"https:\/\/jumagazaeraikinak.es\/?s={search_term_string}"},"query-input":{"@type":"PropertyValueSpecification","valueRequired":true,"valueName":"search_term_string"}}],"inLanguage":"eu"},{"@type":"Organization","@id":"https:\/\/jumagazaeraikinak.es\/#organization","name":"Jumagaza Eraikinak","url":"https:\/\/jumagazaeraikinak.es\/","logo":{"@type":"ImageObject","inLanguage":"eu","@id":"https:\/\/jumagazaeraikinak.es\/#\/schema\/logo\/image\/","url":"https:\/\/jumagazaeraikinak.es\/wp-content\/uploads\/2026\/05\/cropped-leo-600-x-400-px.png","contentUrl":"https:\/\/jumagazaeraikinak.es\/wp-content\/uploads\/2026\/05\/cropped-leo-600-x-400-px.png","width":600,"height":345,"caption":"Jumagaza Eraikinak"},"image":{"@id":"https:\/\/jumagazaeraikinak.es\/#\/schema\/logo\/image\/"}}]}},"_links":{"self":[{"href":"https:\/\/jumagazaeraikinak.es\/eu\/wp-json\/wp\/v2\/pages\/2","targetHints":{"allow":["GET"]}}],"collection":[{"href":"https:\/\/jumagazaeraikinak.es\/eu\/wp-json\/wp\/v2\/pages"}],"about":[{"href":"https:\/\/jumagazaeraikinak.es\/eu\/wp-json\/wp\/v2\/types\/page"}],"author":[{"embeddable":true,"href":"https:\/\/jumagazaeraikinak.es\/eu\/wp-json\/wp\/v2\/users\/1"}],"replies":[{"embeddable":true,"href":"https:\/\/jumagazaeraikinak.es\/eu\/wp-json\/wp\/v2\/comments?post=2"}],"version-history":[{"count":64,"href":"https:\/\/jumagazaeraikinak.es\/eu\/wp-json\/wp\/v2\/pages\/2\/revisions"}],"predecessor-version":[{"id":278,"href":"https:\/\/jumagazaeraikinak.es\/eu\/wp-json\/wp\/v2\/pages\/2\/revisions\/278"}],"wp:attachment":[{"href":"https:\/\/jumagazaeraikinak.es\/eu\/wp-json\/wp\/v2\/media?parent=2"}],"curies":[{"name":"wp","href":"https:\/\/api.w.org\/{rel}","templated":true}]}}